{"id":3893,"date":"2013-09-23T01:24:00","date_gmt":"2013-09-22T23:24:00","guid":{"rendered":"http:\/\/www.christopherlehmpfuhl.de\/neu2022\/exhibitions\/"},"modified":"2026-03-09T22:23:06","modified_gmt":"2026-03-09T20:23:06","slug":"exhibitions","status":"publish","type":"page","link":"https:\/\/www.christopherlehmpfuhl.de\/en\/exhibitions\/","title":{"rendered":"Exhibitions"},"content":{"rendered":"<p><!--:de-->(K) catalogue<\/p>\n<table width=\"100%\">\n<colgroup>\n<col width=\"90\"\/>\n<col width=\"800\"\/> <\/colgroup>\n<\/table>\n<h2>Solo exhibitions (selection)<\/h2>\n<p>&nbsp;<br \/>\n2026<br \/>\nK\u00f6nig Gallery Telegrafenamt, Berlin &#8211; Galerie Urs Reichlin, Zug<\/p>\n<p>2025<br \/>\nGalerie Urs Reichlin, Zug &#8211; Galerie Kornfeld, Berlin &#8211; Tertianum, Berlin &#8211; Fabrik der K\u00fcnste, Hamburg (with Sonja Weber) &#8211; St\u00e4dtische Galerie, Wangen &#8211; Brotfabrik, Berlin &#8211; Galerie Schrade, Mochental<\/p>\n<p>2024<br \/>\nGalerie M\u00fcllers, Rendsburg &#8211; W\u00fcrth Forum, Capena &#8211; Galerie Alte Schule, Ahrenshoop &#8211; Galerie Kornfeld, Berlin &#8211; Kunsthandel Felix Jud, Hamburg &#8211; W\u00fcrth Forum, Arlesheim<\/p>\n<p>2023<br \/>\nGalerie Urs Reichlin, Zug &#8211; Galerie Carzaniga, Basel &#8211; Guardini Galerie, Berlin (in cooperation with Galerie Kornfeld) &#8211; Galerie Ludorff, D\u00fcsseldorf &#8211; Stadtgalerie Alte Post, Westerland auf Sylt &#8211; Galerie Noah, Augsburg (with Clemens Heinl) &#8211; Kunsthandel Felix Jud, Hamburg &#8211; Galerie Carzaniga, Basel &#8211; Galerie M\u00fcllers, Rendsburg<\/p>\n<p>2022<br \/>\n68Projects by Galerie Kornfeld, Berlin &#8211; Rosenhang Museum, Weilburg &#8211; Galerie Schrade, Karlsruhe &#8211; ART Basel: Galerie Carzaniga, Basel &#8211; Galerie Urs Reichlin, Zug &#8211; Sayner H\u00fctte, Koblenz &#8211; Stiftung Christliche Kunst, Wittenberg &#8211; Museo W\u00fcrth, La Rioja &#8211; Schleswig-Holsteinisches Landesmuseum Schloss Gottorf, Schleswig &#8211; Galerie Schrade, Mochental<\/p>\n<p>2021<br \/>\nSchleswig-Holsteinisches Landesmuseum Schloss Gottorf, Schleswig &#8211; Kunsthandel Felix Jud, Hamburg &#8211; Badehaus Beelitz-Heilst\u00e4tten &#8211; Galerie M\u00fcllers, Rendsburg &#8211; Galerie Ludorff, D\u00fcsseldorf &#8211; Galerie Kornfeld, Berlin &#8211; Galerie Carzaniga, Basel &#8211; Galerie Urs Reichlin, Zug &#8211; Galerie Schrade, Mochental<\/p>\n<p>2020<br \/>\nKunsthandel Felix Jud, Hamburg &#8211; Galerie Noah, Augsburg &#8211; Museum W\u00fcrth, K\u00fcnzelsau &#8211; Galerie Urs Reichlin, Zug &#8211; Galerie Ludorff, D\u00fcsseldorf &#8211; Galerie Kornfeld, Berlin &#8211; S\u00f6lring Museen, Sylt &#8211; ART Karlsruhe: Galerie Kornfeld, Berlin (one man show)<\/p>\n<p>2019<br \/>\nGalerie Elbchaussee, Hamburg &#8211; Galerie Carzaniga, Basel (K) &#8211; Galerie Netuschil, Darmstadt &#8211; Galerie Alte Post, Westerland, Sylt (K) &#8211; Galerie Urs Reichlin, Zug &#8211; ArtHangar, Saanen\/Gstaad, Switzerland &#8211; Barlachhalle K, Hamburg &#8211; Felix Jud Kunsthandel, Hamburg<\/p>\n<p>2018<br \/>\nGalerie Tobias Schrade, Ulm &#8211; Kunsthaus M\u00fcllers, Rendsburg &#8211; Galerie Urs Reichlin, Zug &#8211; Bau X Kunst in der U5, Berlin &#8211; Galerie Ludorff, D\u00fcsseldorf &#8211; Galerie Schrade, Karlsruhe &#8211; Galerie Kornfeld, Berlin &#8211; Kunsthaus H\u00e4nisch, Kappeln &#8211; ART Karlsruhe: Galerie Kornfeld, Berlin (one man show) &#8211; Kunsthaus M\u00fcllers, Rendsburg<\/p>\n<p>2017<br \/>\nFabrik der K\u00fcnste, Hamburg (K) &#8211; Burg Kniphausen, Wilhelmshaven &#8211; Galerie Kornfeld, Berlin &#8211; Marburger Kunstverein, Marburg &#8211; Haus Lydda, Bielefeld &#8211; Presentation at Humboldtforum, Berlin &#8211; Galerie im Fruchtkasten, Kloster Ochsenhausen (K) &#8211; Galerie Schrade Schlo\u00df Mochental &#8211; ART Karlsruhe: Galerie Schrade, Mochental (one man show)<\/p>\n<p>2016<br \/>\nKunstverein G\u00fctersloh &#8211; Presentation of the &#8220;Iceland Cycle&#8221;, Galerie Swiridoff, Schw\u00e4bisch Hall &#8211; Stadtgalerie Alte Post, Westerland \/ Sylt &#8211; Kulturverein Zehntscheuer, Rottenburg am Neckar &#8211; European School of Management and Technology, Berlin &#8211; Kurt-Tucholsky Literaturmuseum, Schloss Rheinsberg &#8211; ART Karlsruhe: Galerie Meier, Freiburg (one man show) &#8211; Robert-K\u00f6pke Haus, Schieder-Schwalenberg<\/p>\n<p>2015<br \/>\nKUNST Z\u00dcRICH &#8211; BOX Freiraum, Berlin &#8211; Galerie Bode, project space Daegu (K) &#8211; Galerie Carzaniga, Basel (K) &#8211; Kunst Z\u00fcrich: Galerie Carzaniga, Basel &#8211; Kunsthaus M\u00fcllers, Rendsburg &#8211; Galerie Ines Schulz, Dresden &#8211; Galerie Tobias Schrade, Ulm &#8211; Galerie Schrade, Karlsruhe (K)<\/p>\n<p>2014<br \/>\nGalerie Sundermann, W\u00fcrzburg &#8211; Galerie Bode, Nuremberg (K) &#8211; Stadtgalerie Alte Post, Westerland \/Sylt, in cooperation with Kunsthaus M\u00fcllers, Rendsburg (K) &#8211; Ostholstein-Museum, Eutin (K) &#8211; NordseeMuseum Husum, Nissenhaus (K), in cooperation with Kunst-Kabinett Usedom, Benz &#8211; Galerie Ludorff, D\u00fcsseldorf (K)<\/p>\n<p>2013<br \/>\nBaumhaus, Wismar, in cooperation with Galerie Meyer, L\u00fcneburg &#8211; Coburger Kunstverein, Coburg &#8211; Galerie Schrade Schlo\u00df Mochental, Ehingen (K) &#8211; Art Cologne: Galerie Ludorff, D\u00fcsseldorf, one-man-show (K) &#8211; Galerie Carzaniga, Basel (K) &#8211; Kunstverein der Stadt Glauchau &#8211; Sparkassengalerie, Schweinfurt &#8211; Galerie Netuschil, Darmstadt (K) &#8211; Galerie M\u00fcllers, Rendsburg (K) &#8211; Galerie Swiridoff, Schw\u00e4bisch Hall &#8211; FAZ Atrium, Berlin<\/p>\n<p>2012<br \/>\nGalerie Berlin &#8211; Opening of the restaurant &#8220;Santa Lucia&#8221; in Bern with paintings from Naples and the Amalfi Coast &#8211; Galerie Tobias Schrade, Ulm (K) &#8211; Genueser Schiff, Hohwacht &#8211; &#8220;Terrasse&#8221;, Zurich (K) &#8211; Galerie Swiridoff, Schw\u00e4bisch Hall &#8211; Galerie Meier, Freiburg (K) &#8211; M\u00dcNZE, Berlin, &#8220;Berlin &#8211; Plein Air. Painting from 1995-2012&#8221;, opening by Minister of State for Culture Bernd Neumann.<\/p>\n<p>2011<br \/>\nBrenner&#8217;s Parkhotel, Baden Baden, in collaboration with Galerie Ludorff, D\u00fcsseldorf &#8211; Krefelder Kunstverein, in collaboration with Galerie Ludorff, D\u00fcsseldorf &#8211; Kunsthaus M\u00fcllers, Rendsburg &#8211; Galerie Meyer L\u00fcneburg (K) &#8211; Galerie Carzaniga, Basel (K) &#8211; Gut Altenkamp, Papenburg: &#8220;Christopher Lehmpfuhl. Painting 1995 &#8211; 2011&#8221; &#8211; Galerie Sundermann, W\u00fcrzburg &#8211; Galerie Ludorff, &#8220;Neue Wege&#8221;<\/p>\n<p>2010<br \/>\nGalerie Herold, Hamburg (K) &#8211; Sparkassenstiftung Schleswig-Holstein, Kiel (K) &#8211; Kunstverein Osterholz e.V. &#8211; Galerie Schrade, Karlsruhe (K) &#8211; Alte M\u00fcnze, Berlin (K) &#8211; Kunst-Kabinett Usedom, Benz &#8211; Galerie Schrade Schlo\u00df Mochental, Ehingen (K) &#8211; Galerie Swiridoff, Schw\u00e4bisch Hall<\/p>\n<p>2009<br \/>\nGalerie Swiridoff, Schw\u00e4bisch Hall &#8211; Galerie Bode, Nuremberg (K) &#8211; Galerie Carzaniga, Basel (K) &#8211; Nordsee Museum Husum, Nissenhaus (K) &#8211; Galerie Meyer, L\u00fcneburg (K) &#8211; Galerie Berlin (K) &#8211; Kunsthaus M\u00fcllers, Rendsburg<\/p>\n<p>2008<br \/>\nGalerie Sundermann, W\u00fcrzburg &#8211; Galerie im Woferlhof, Bad K\u00f6tzting &#8211; Galerie Ludorff, D\u00fcsseldorf (K) &#8211; Galerie Netuschil, Darmstadt &#8211; Galerie Meier, Freiburg (K) &#8211; Galerie Swiridoff, Schw\u00e4bisch Hall<\/p>\n<p>2007<br \/>\nArt Karlsruhe: Galerie Berlin, one-man-show &#8211; Galerie Sundermann, W\u00fcrzburg &#8211; Ernst-Ludwig-Kirchner Kunstverein, Fehmarn &#8211; Residenz, Munich, on the occasion of the award of the art scholarship of the Bavarian Academy of Fine Arts &#8211; Galerie Swiridoff, Schw\u00e4bisch Hall &#8211; Galerie Schrade Schlo\u00df Mochental, Ehingen (K) &#8211; Ray Hughes Gallery, Sydney (K) &#8211; Kunst-Kabinett Usedom, Benz (K)<\/p>\n<p>2006<br \/>\nGalerie Berlin (K) &#8211; Galerie Schrade &amp; Blashofer, Karlsruhe (K) &#8211; Galerie Ludorff, D\u00fcsseldorf (K) &#8211; Kunst-Kabinett Usedom, Benz &#8211; Museum F\u00e4hre, Bad Saulgau &#8211; Galerie Meyer, L\u00fcneburg<\/p>\n<p>2005<br \/>\nGalerie Lange, Berlin &#8211; Kunstverein Hohenaschau &#8211; Galerie Netuschil, Darmstadt &#8211; Galerie Tobias Schrade, Ulm &#8211; Galerie Klaus Lea, Munich, with Harry Meyer &#8211; Galerie Sundermann, W\u00fcrzburg &#8211; Mecklenburgische Versicherungsgruppe in Hanover and the Remise of Schloss Mirow (M\u00fcritz), each together with the Kunst-Kabinett Usedom, Benz, book presentation: &#8220;Meerlandschaft. Mecklenburg-Western Pomerania&#8221; Gallery Schottelius European Fine Arts, San Francisco Gallery Meier, Freiburg Gallery Oberl\u00e4nder, Augsburg<\/p>\n<p>2004<br \/>\nArt Karlsruhe: Kunst-Kabinett Usedom, Benz, one-man-show with book presentation: &#8220;Indisches Tagebuch&#8221; &#8211; Art Gallery, NORD\/LB Norddeutsche Landesbank, Hanover, book presentation: &#8220;Meerlandschaft. Ostfriesland&#8221; with the Kunst-Kabinett Usedom, Benz Rotenburg\/W\u00fcmme Art Association NORD\/LB Gallery, Braunschweig Hoopmann Gallery, Amsterdam Schottelius Gallery, European Fine Arts, San Francisco Schrade Gallery, Karlsruhe Ludwig Lange Gallery, Berlin Ponta del Gada Cultural Center, Azores \u00b7 Jas Gallery, Utrecht<\/p>\n<p>2003<br \/>\nGalerie Ludwig Lange, Berlin, book presentation: &#8220;Christopher Lehmpfuhl in China&#8221; &#8211; St\u00e4dtische Galerie, Wangen &#8211; Galerie Schrade Schlo\u00df Mochental, Ehingen &#8211; Galerie Meyer, L\u00fcneburg<\/p>\n<p>2002<br \/>\nGalerie Ludwig Lange, Berlin &#8211; Galerie Baumgarte, Bielefeld &#8211; Galerie Schloss Neuhaus, Salzburg &#8211; Galerie Netuschil, Darmstadt &#8211; Kunst-Kabinett Usedom, Benz, book presentation: &#8220;Meerlandschaft. Fehmarn, R\u00fcgen, Usedom&#8221; in the gallery at the water tower, Berlin \u00b7 Galerie von Braunbehrens, Munich, book presentation: &#8220;Augenblicke&#8221; at the Art Cologne<\/p>\n<p>2001<br \/>\nGalerie Meyer, L\u00fcneburg &#8211; Galerie Ludwig Lange, Berlin<\/p>\n<p>2000<br \/>\nGallery Sebastian Drum, Schleswig &#8211; Gallery Schrade Schlo\u00df Mochental, Ehingen<\/p>\n<p>1999<br \/>\nKunst-Kabinett Usedom, Benz &#8211; Galerie Netuschil, Darmstadt &#8211; Galerie Meyer, L\u00fcneburg<\/p>\n<p>1998<br \/>\nGalerie Ludwig Lange, Berlin &#8211; Galerie im Torhaus, Gut Panker &#8211; GASAG, Berlin (Art Prize) (K)<\/p>\n<p>1996<br \/>\nGalerie am See, Potsdam &#8211; Kunst-Kabinett Usedom, Heringsdorf<br \/>\n&nbsp;<\/p>\n<h2>Group exhibitions (selection)<\/h2>\n<p>&nbsp;<br \/>\n2025<br \/>\nKunsthaus M\u00fcllers, Rendsburg &#8211; Galerie Noah, Augsburg &#8211; Robbe&amp;Berking Museum, Flensburg &#8211; Galerie Tobias Schrade, Ulm &#8211; Galerie Alte Schule, Ahrenshoop &#8211; Kunsthandel Felix Jud, Hamburg &#8211; Richard Haizmann Museum, Nieb\u00fcll<\/p>\n<p>2024<br \/>68Salon by Galerie Kornfeld, Berlin &#8211; Galerie im Elysee, Hamburg &#8211; Galerie Carzaniga, Basel &#8211; Galerie M\u00fcllers, Rendsburg &#8211; Produzentenglerie Burkunstadt &#8211; Galerie Noah, Augsburg<\/p>\n<p>2023<br \/>\nGalerie Meier, Freiburg &#8211; Robbe &amp; Berking, Flensburg &#8211; Galerie Mutter Fourage, Berlin &#8211; Galerie im Fruchtkasten, Kloster Ochsenhausen<\/p>\n<p>2022<br \/>\nGerman Embassy, Bern &#8211; Galerie Kornfeld, Berlin &#8211; Villa Wessel, Iserlohn &#8211; Galerie Mutter Fourage, Berlin &#8211; Robbe &amp; Berking Museum, Flensburg &#8211; Hans Erni Museum, Lucerne &#8211; K\u00f6nig Galerie, Berlin &#8211; Galerie AC Noffke, Ratzeburg &#8211; Kunsthaus M\u00fcllers, Rendsburg &#8211; Galerie Noah, Augsburg<\/p>\n<p>2021<br \/>\nArt Cologne: Galerie Ludorff, D\u00fcsseldorf &#8211; WOPArt Lugano: Galerie Carzaniga, Basel &#8211; Ze Tux Gallery Tirol &#8211; Galerie AC Noffke, Ratzeburg &#8211; Art Basel: Galerie Carzaniga, Basel &#8211; K\u00f6nig Galerie, Berlin &#8211; Paper Positions, Berlin &#8211; Galerie Schrade Schlo\u00df Mochental, Ehingen &#8211; Galerie im Elyssee, Hamburg &#8211; Kunstraum Akademie Weingarten &#8211; Galerie Schrade, Karlsruhe \/ Mochental<\/p>\n<p>2020<br \/>\nOstholstein Museum, Eutin &#8211; Galerie Anita Beckers, Frankfurt &#8211; Orangerieschloss, Potsdam &#8211; Galerie Tobias Schrade, Ulm &#8211; Fabrik der K\u00fcnste, Hamburg &#8211; Kunsthalle Emden &#8211; K\u00f6nig Galerie, Berlin &#8211; ART Karlsruhe: Galerie Ludorff, D\u00fcsseldorf &#8211; Galerie Schrade, Karlsruhe \/ Mochental<\/p>\n<p>2019<br \/>\nGalerie im Woferlhof, Bad K\u00f6tzting &#8211; Galerie AC Noffke, Ratzeburg &#8211; Galerie im Woferlhof, Bad K\u00f6tzing-Wettzell<\/p>\n<p>2018<br \/>\nMuseum Kitzb\u00fchel, Kitzb\u00fchel &#8211; Galerie Roter Winter, Wiesbaden &#8211; Kunstmix, Copenhagen &#8211; Hurrle Collection, Durbach<\/p>\n<p>2017<br \/>\nGalerie Ludorff, D\u00fcsseldorf &#8211; Galerie AC Noffke, Ratzeburg &#8211; Kunsthalle W\u00fcrth, Schw\u00e4bisch Hall &#8211; Galerie Meier, Freiburg &#8211; Art Basel: Galerie Carzaniga, Basel &#8211; Galerie Urs Reichlin, Zug (CH) &#8211; ART Karlsruhe: Galerie Ludorff, D\u00fcsseldorf &#8211; Galerie Kornfeld, Berlin<\/p>\n<p>2016<br \/>\nKUNST Z\u00fcrich: Galerie Carzaniga, Basel &#8211; KIAF Seoul: Galerie Bode, Nuremberg &#8211; Kunsthalle W\u00fcrth, Schw\u00e4bisch Hall &#8211; Art Basel: Galerie Carzaniga, Basel &#8211; Busan Art Fair, South Korea: Galerie Bode, Nuremberg &#8211; Schloss Gottorf, Schleswig &#8211; Kulturforum W\u00fcrth, Chur &#8211; ART Karlsruhe: Galerie Ludorff, D\u00fcsseldorf, Galerie Schrade, Karlsruhe\/Mochental &#8211; ART Cologne: Galerie Ludorff, D\u00fcsseldorf &#8211; Galerie Netuschil, Darmstadt<\/p>\n<p>2015<br \/>\nGalerie im Woferlhof, Bad K\u00f6tzing-Wettzell &#8211; Galerie Tobias Schrade, Ulm &#8211; ART \u00c9lys\u00e9es: Galerie Lebon, Paris &#8211; Galerie Lebon, Paris &#8211; Kiaf, Seoul, Galerie Bode, Nuremberg &#8211; Daeguartfair, Korea: Galerie Bode, Nuremberg &#8211; Busan Artfair, Korea: Galerie Bode, Nuremberg &#8211; Art Karlsruhe: Galerie Ludorff, D\u00fcsseldorf, Galerie Schrade, Mochental\/Karlsruhe &#8211; Streiffler Haus, Landau\/Pfalz &#8211; Art.Fair, Cologne, Galerie Schrade, Mochental &#8211; Galerie M\u00fcllers, Rendsburg &#8211; Galerie Ludorff, D\u00fcsseldorf &#8211; Grand Hotel Seeschl\u00f6sschen, Timmendorfer Strand<\/p>\n<p>2014<br \/>\nStadtmuseum Langenfeld &#8211; Kiaf, Seoul, Galerie Bode, Nuremberg &#8211; Art Karlsruhe: Galerie Ludorff, D\u00fcsseldorf, Galerie Schrade, Karlsruhe &#8211; Art Cologne: Galerie Ludolf, D\u00fcsseldorf, Galerie Schrade, Karlsruhe, Galerie Meier, Freiburg (K)<\/p>\n<p>2013<br \/>\nArt Karlsruhe: Galerie Ludorff, D\u00fcsseldorf, Galerie Schrade, Mochental\/Karlsruhe, Galerie Meier, Freiburg &#8211; Genueser Schiff, Hohwacht (K) &#8211; Kunsthaus M\u00fcllers, Rendsburg(K), Schloss Gottorf, Schleswig (K) &#8211; Arch\u00e4ologisches Museum, Schleswig &#8211; Galerie Klaus Lea, Munich &#8211; Daeguartfair, Korea: Galerie Bode, Nuremberg &#8211; Kiaf, Seoul: Galerie Bode, Nuremberg &#8211; Kunst Z\u00fcrich: Galerie Carzaniga, Basel &#8211; Krefelder Kunstverein &#8211; Art.Fair, Cologne, Galerie Schrade, Mochental<\/p>\n<p>2012<br \/>\nArt Karlsruhe: Galerie Ludorff, D\u00fcsseldorf, Galerie Schrade, Mochental\/Karlsruhe &#8211; Art Cologne: Galerie Ludorff, D\u00fcsseldorf &#8211; Kiaf, Seoul: Galerie Bode, Nuremberg &#8211; Deaguartfair, Korea: Galerie Bode, Nuremberg &#8211; Kunst Z\u00fcrich: Galerie Carzaniga, Basel &#8211; Galerie Tobias Schrade, Ulm: &#8220;Gestrandet &#8211; Bilder vom Meer&#8221; &#8211; Art.Fair, Cologne: Galerie Schrade, Mochental<\/p>\n<p>2011<br \/>\nArt Karlsruhe: Galerie Ludorff, D\u00fcsseldorf, Galerie Schrade, Mochental\/Karlsruhe, Galerie Berlin &#8211; Berliner Rathaus, Berlin: &#8220;Berliner Stadtimpressionen heute in der Bildenden Kunst&#8221; &#8211; Kunstverein Hohenaschau, with Menno Fahl and Kathrin Rank &#8211; Art Cologne: Galerie Ludorff &#8211; Georg Kolbe Museum, Berlin, as part of the Gallery Weekend &#8220;Hot Spot Berlin&#8221; &#8211; Galerie Bode, Seoul, Korea &#8211; Museum W\u00fcrth, K\u00fcnzelsau: &#8220;Aller Zauber liegt im Bild&#8221; &#8211; Galerie Chungdan, Korea<\/p>\n<p>2010<br \/>\nArt Karlsruhe: Galerie Schrade, Mochental\/Karlsruhe, Galerie Berlin, Galerie Ludorff, D\u00fcsseldorf &#8211; Kunstverein Augsburg (K) &#8211; Art Cologne: Galerie Ludorff, D\u00fcsseldorf &#8211; Galerie Netuschil, Darmstadt &#8211; Kunsthaus M\u00fcllers, Rendsburg &#8211; Deaguartfair Korea: Galerie Bode, Nuremberg &#8211; Kunst Z\u00fcrich: Galerie Carzaniga, Basel &#8211; Art.Fair, Cologne: Galerie Schrade, Mochental\/Karlsruhe &#8211; Kunsthaus H\u00e4nisch, Kappeln &#8211; Peter Behrensbau, Frankfurt-H\u00f6chst<\/p>\n<p>2009<br \/>\nArt Karlsruhe: Galerie Berlin, Galerie Ludorff, D\u00fcsseldorf, Galerie Schrade Schlo\u00df Mochental, Ehingen, Galerie Meier, Freiburg &#8211; Art Cologne: Galerie Ludorff, D\u00fcsseldorf &#8211; Galerie Herold, Hamburg &#8211; Internationales Maritimes Museum, Hamburg &#8211; MiArt, Milano: Galerie Carzaniga, Basel &#8211; Galerie im Woferlhof, Bad K\u00f6tzting &#8211; Schlo\u00df Achberg, Ravensburg (K) &#8211; DuC Wuhan, China with Galerie Bode, Nuremberg (K) &#8211; Galerie Schrade Schlo\u00df Mochental, Ehingen (K)<\/p>\n<p>2008<br \/>\nArt Karlsruhe: Galerie Berlin, Galerie Ludorff, D\u00fcsseldorf, Galerie Schrade Schlo\u00df Mochental, Ehingen &#8211; Art Cologne: Galerie Ludorff, D\u00fcsseldorf &#8211; Munich Art and Antiques Fair: Galerie Ludorff, D\u00fcsseldorf &#8211; Galerie Tobias Schrade, Ulm &#8211; Galerie Bode, Nuremberg &#8211; Kia, Seoul: Galerie Berlin, Galerie Carzaniga, Basel (K) &#8211; Galerie Carzaniga, Basel as guest at Principe Leopoldo, Lugano &#8211; Galerie im Elysee, Hamburg, with the North German Realists (K)<\/p>\n<p>2007<br \/>\nArt Karlsruhe: Galerie Ludorff, D\u00fcsseldorf, Galerie Schrade Schlo\u00df Mochental, Ehingen -Art Cologne: Galerie Ludorff, D\u00fcsseldorf<\/p>\n<p>2006<br \/>\nGalerie Berlin &#8211; Galerie Schrade &amp; Blashofer, Karlsruhe &#8211; Galerie Ludorff, D\u00fcsseldorf &#8211; Kunst-Kabinett Usedom, Benz &#8211; Museum F\u00e4hre, Bad Saulgau &#8211; Galerie Meyer, L\u00fcneburg<\/p>\n<p>2004<br \/>\nAltonaer Museum, Hamburg, with the North German Realists<\/p>\n<p>2003<br \/>\nGalerie Rose, Hamburg &#8211; Borderland Exhibition, Apenrade, Denmark &#8211; Galerie Netuschil, Darmstadt &#8211; Galerie Lange, Berlin<\/p>\n<p>2002<br \/>\nArt Dresden &#8211; Art Frankfurt &#8211; Art Cologne<\/p>\n<p>2001<br \/>\nLarge art exhibition, Haus der Kunst, Munich (annual participation) &#8211; Galerie Schrade Schlo\u00df Mochental, Ehingen &#8211; Galerie Schloss Neuhaus, Salzburg, art prize: &#8220;Salzburg in neuen Ansichten&#8221; &#8211; Galerie Baumgarte, Bielefeld<\/p>\n<p>2000<br \/>\nGalerie Ludwig Lange, Berlin &#8211; Galerie Schrade Schlo\u00df Mochental, award of the Franz-Joseph-Spiegler-Prize<\/p>\n<p>1999<br \/>\nGalerie Ludwig Lange, Berlin &#8211; Galerie Schrade Schlo\u00df Mochental, Ehingen &#8211; Galerie Netuschil, Darmstadt<\/p>\n<p>1997<br \/>\nGalerie Meyer, L\u00fcneburg &#8211; Galerie Ludwig Lange, Berlin &#8211; Artarmon Gallery, Sydney<\/p>\n","protected":false},"excerpt":{"rendered":"<p>(K) catalogue Solo exhibitions (selection) &nbsp; 2026 K\u00f6nig Gallery Telegrafenamt, Berlin &#8211; Galerie Urs Reichlin, Zug 2025 Galerie Urs Reichlin, Zug &#8211; Galerie Kornfeld, Berlin &#8211; Tertianum, Berlin &#8211; Fabrik der K\u00fcnste, Hamburg (with Sonja Weber) &#8211; St\u00e4dtische Galerie, Wangen &#8211; Brotfabrik, Berlin &#8211; Galerie Schrade, Mochental 2024 Galerie M\u00fcllers, Rendsburg &#8211; W\u00fcrth Forum, Capena [&hellip;]<\/p>\n","protected":false},"author":2,"featured_media":0,"parent":0,"menu_order":4,"comment_status":"open","ping_status":"open","template":"","meta":{"_et_pb_use_builder":"off","_et_pb_old_content":"","_et_gb_content_width":"","ngg_post_thumbnail":0,"footnotes":""},"class_list":["post-3893","page","type-page","status-publish","hentry"],"aioseo_notices":[],"_links":{"self":[{"href":"https:\/\/www.christopherlehmpfuhl.de\/en\/wp-json\/wp\/v2\/pages\/3893","targetHints":{"allow":["GET"]}}],"collection":[{"href":"https:\/\/www.christopherlehmpfuhl.de\/en\/wp-json\/wp\/v2\/pages"}],"about":[{"href":"https:\/\/www.christopherlehmpfuhl.de\/en\/wp-json\/wp\/v2\/types\/page"}],"author":[{"embeddable":true,"href":"https:\/\/www.christopherlehmpfuhl.de\/en\/wp-json\/wp\/v2\/users\/2"}],"replies":[{"embeddable":true,"href":"https:\/\/www.christopherlehmpfuhl.de\/en\/wp-json\/wp\/v2\/comments?post=3893"}],"version-history":[{"count":4,"href":"https:\/\/www.christopherlehmpfuhl.de\/en\/wp-json\/wp\/v2\/pages\/3893\/revisions"}],"predecessor-version":[{"id":10207,"href":"https:\/\/www.christopherlehmpfuhl.de\/en\/wp-json\/wp\/v2\/pages\/3893\/revisions\/10207"}],"wp:attachment":[{"href":"https:\/\/www.christopherlehmpfuhl.de\/en\/wp-json\/wp\/v2\/media?parent=3893"}],"curies":[{"name":"wp","href":"https:\/\/api.w.org\/{rel}","templated":true}]}}